{"id":36,"date":"2026-05-14T02:53:55","date_gmt":"2026-05-14T00:53:55","guid":{"rendered":"https:\/\/lanouvelleacademieroutiere.fr\/index.php\/home\/"},"modified":"2026-05-14T06:49:42","modified_gmt":"2026-05-14T04:49:42","slug":"home","status":"publish","type":"page","link":"https:\/\/lanouvelleacademieroutiere.fr\/","title":{"rendered":"Acceuil"},"content":{"rendered":"\t\t<div data-elementor-type=\"wp-page\" data-elementor-id=\"36\" class=\"elementor elementor-36\">\n\t\t\t\t<div class=\"elementor-element elementor-element-d5cfde3 e-flex e-con-boxed e-con e-parent\" data-id=\"d5cfde3\" data-element_type=\"container\" data-e-type=\"container\" data-settings=\"{&quot;background_background&quot;:&quot;classic&quot;}\">\n\t\t\t\t\t<div class=\"e-con-inner\">\n\t\t\t\t<div class=\"elementor-element elementor-element-3ecd55be elementor-invisible elementor-widget elementor-widget-heading\" data-id=\"3ecd55be\" data-element_type=\"widget\" data-e-type=\"widget\" data-settings=\"{&quot;_animation&quot;:&quot;fadeIn&quot;}\" data-widget_type=\"heading.default\">\n\t\t\t\t\t<h1 class=\"elementor-heading-title elementor-size-default\">La Nouvelle Acad\u00e9mie Routi\u00e8re<\/h1>\t\t\t\t<\/div>\n\t\t\t\t\t<\/div>\n\t\t\t\t<\/div>\n\t\t<div class=\"elementor-element elementor-element-76b52626 e-flex e-con-boxed e-con e-parent\" data-id=\"76b52626\" data-element_type=\"container\" data-e-type=\"container\">\n\t\t\t\t\t<div class=\"e-con-inner\">\n\t\t\t\t<div class=\"elementor-element elementor-element-30e5297 elementor-widget elementor-widget-heading\" data-id=\"30e5297\" data-element_type=\"widget\" data-e-type=\"widget\" data-widget_type=\"heading.default\">\n\t\t\t\t\t<h2 class=\"elementor-heading-title elementor-size-default\">La Nouvelle acad\u00e9mie routi\u00e8re, ensemble vers le chemin du permis<\/h2>\t\t\t\t<\/div>\n\t\t\t\t<div class=\"elementor-element elementor-element-ccbb979 elementor-widget elementor-widget-heading\" data-id=\"ccbb979\" data-element_type=\"widget\" data-e-type=\"widget\" data-widget_type=\"heading.default\">\n\t\t\t\t\t<h5 class=\"elementor-heading-title elementor-size-default\">La Nouvelle Acad\u00e9mie Routi\u00e8re\nvous propose diff\u00e9rents forfaits<\/h5>\t\t\t\t<\/div>\n\t\t<div class=\"elementor-element elementor-element-b2d7dbe e-con-full e-flex e-con e-child\" data-id=\"b2d7dbe\" data-element_type=\"container\" data-e-type=\"container\">\n\t\t\t\t<div class=\"elementor-element elementor-element-43ed2439 elementor-widget-tablet__width-initial elementor-widget-mobile__width-inherit elementor-widget__width-initial elementor-position-top elementor-widget elementor-widget-image-box\" data-id=\"43ed2439\" data-element_type=\"widget\" data-e-type=\"widget\" data-widget_type=\"image-box.default\">\n\t\t\t\t\t<div class=\"elementor-image-box-wrapper\"><figure class=\"elementor-image-box-img\"><a href=\"https:\/\/lanouvelleacademieroutiere.fr\/index.php\/boite-automatique\/\" tabindex=\"-1\"><img fetchpriority=\"high\" decoding=\"async\" width=\"2000\" height=\"2000\" src=\"https:\/\/lanouvelleacademieroutiere.fr\/wp-content\/uploads\/2026\/05\/Design-sans-titre-9.png\" class=\"elementor-animation-grow attachment-full size-full wp-image-62\" alt=\"\" srcset=\"https:\/\/lanouvelleacademieroutiere.fr\/wp-content\/uploads\/2026\/05\/Design-sans-titre-9.png 2000w, https:\/\/lanouvelleacademieroutiere.fr\/wp-content\/uploads\/2026\/05\/Design-sans-titre-9-300x300.png 300w, https:\/\/lanouvelleacademieroutiere.fr\/wp-content\/uploads\/2026\/05\/Design-sans-titre-9-1024x1024.png 1024w, https:\/\/lanouvelleacademieroutiere.fr\/wp-content\/uploads\/2026\/05\/Design-sans-titre-9-150x150.png 150w, https:\/\/lanouvelleacademieroutiere.fr\/wp-content\/uploads\/2026\/05\/Design-sans-titre-9-768x768.png 768w, https:\/\/lanouvelleacademieroutiere.fr\/wp-content\/uploads\/2026\/05\/Design-sans-titre-9-1536x1536.png 1536w\" sizes=\"(max-width: 2000px) 100vw, 2000px\" \/><\/a><\/figure><div class=\"elementor-image-box-content\"><h4 class=\"elementor-image-box-title\"><a href=\"https:\/\/lanouvelleacademieroutiere.fr\/index.php\/boite-automatique\/\">Permis Boite Automatique<\/a><\/h4><p class=\"elementor-image-box-description\">D\u00e9couvrir nos offres<\/p><\/div><\/div>\t\t\t\t<\/div>\n\t\t\t\t<div class=\"elementor-element elementor-element-3afe9b04 elementor-widget-tablet__width-initial elementor-widget-mobile__width-inherit elementor-widget__width-initial elementor-position-top elementor-widget elementor-widget-image-box\" data-id=\"3afe9b04\" data-element_type=\"widget\" data-e-type=\"widget\" data-widget_type=\"image-box.default\">\n\t\t\t\t\t<div class=\"elementor-image-box-wrapper\"><figure class=\"elementor-image-box-img\"><a href=\"https:\/\/lanouvelleacademieroutiere.fr\/index.php\/boite-manuelle\/\" tabindex=\"-1\"><img decoding=\"async\" width=\"2000\" height=\"2000\" src=\"https:\/\/lanouvelleacademieroutiere.fr\/wp-content\/uploads\/2026\/05\/Design-sans-titre-10.png\" class=\"elementor-animation-grow attachment-full size-full wp-image-63\" alt=\"\" srcset=\"https:\/\/lanouvelleacademieroutiere.fr\/wp-content\/uploads\/2026\/05\/Design-sans-titre-10.png 2000w, https:\/\/lanouvelleacademieroutiere.fr\/wp-content\/uploads\/2026\/05\/Design-sans-titre-10-300x300.png 300w, https:\/\/lanouvelleacademieroutiere.fr\/wp-content\/uploads\/2026\/05\/Design-sans-titre-10-1024x1024.png 1024w, https:\/\/lanouvelleacademieroutiere.fr\/wp-content\/uploads\/2026\/05\/Design-sans-titre-10-150x150.png 150w, https:\/\/lanouvelleacademieroutiere.fr\/wp-content\/uploads\/2026\/05\/Design-sans-titre-10-768x768.png 768w, https:\/\/lanouvelleacademieroutiere.fr\/wp-content\/uploads\/2026\/05\/Design-sans-titre-10-1536x1536.png 1536w\" sizes=\"(max-width: 2000px) 100vw, 2000px\" \/><\/a><\/figure><div class=\"elementor-image-box-content\"><h4 class=\"elementor-image-box-title\"><a href=\"https:\/\/lanouvelleacademieroutiere.fr\/index.php\/boite-manuelle\/\">Permis Boite Manuelle<\/a><\/h4><p class=\"elementor-image-box-description\">D\u00e9couvrir nos offres<\/p><\/div><\/div>\t\t\t\t<\/div>\n\t\t\t\t<div class=\"elementor-element elementor-element-4013ea92 elementor-widget-tablet__width-initial elementor-widget-mobile__width-inherit elementor-widget__width-initial elementor-position-top elementor-widget elementor-widget-image-box\" data-id=\"4013ea92\" data-element_type=\"widget\" data-e-type=\"widget\" data-widget_type=\"image-box.default\">\n\t\t\t\t\t<div class=\"elementor-image-box-wrapper\"><figure class=\"elementor-image-box-img\"><a href=\"https:\/\/lanouvelleacademieroutiere.fr\/index.php\/elementor-page-117\/\" tabindex=\"-1\"><img decoding=\"async\" width=\"2000\" height=\"2000\" src=\"https:\/\/lanouvelleacademieroutiere.fr\/wp-content\/uploads\/2026\/05\/Design-sans-titre-8.png\" class=\"elementor-animation-grow attachment-full size-full wp-image-64\" alt=\"\" srcset=\"https:\/\/lanouvelleacademieroutiere.fr\/wp-content\/uploads\/2026\/05\/Design-sans-titre-8.png 2000w, https:\/\/lanouvelleacademieroutiere.fr\/wp-content\/uploads\/2026\/05\/Design-sans-titre-8-300x300.png 300w, https:\/\/lanouvelleacademieroutiere.fr\/wp-content\/uploads\/2026\/05\/Design-sans-titre-8-1024x1024.png 1024w, https:\/\/lanouvelleacademieroutiere.fr\/wp-content\/uploads\/2026\/05\/Design-sans-titre-8-150x150.png 150w, https:\/\/lanouvelleacademieroutiere.fr\/wp-content\/uploads\/2026\/05\/Design-sans-titre-8-768x768.png 768w, https:\/\/lanouvelleacademieroutiere.fr\/wp-content\/uploads\/2026\/05\/Design-sans-titre-8-1536x1536.png 1536w\" sizes=\"(max-width: 2000px) 100vw, 2000px\" \/><\/a><\/figure><div class=\"elementor-image-box-content\"><h4 class=\"elementor-image-box-title\"><a href=\"https:\/\/lanouvelleacademieroutiere.fr\/index.php\/elementor-page-117\/\">Acc\u00e8s salle de code + internet<\/a><\/h4><p class=\"elementor-image-box-description\">D\u00e9couvrir nos offres<\/p><\/div><\/div>\t\t\t\t<\/div>\n\t\t\t\t<div class=\"elementor-element elementor-element-324b47e elementor-widget-tablet__width-initial elementor-widget-mobile__width-inherit elementor-widget__width-initial elementor-position-top elementor-widget elementor-widget-image-box\" data-id=\"324b47e\" data-element_type=\"widget\" data-e-type=\"widget\" data-widget_type=\"image-box.default\">\n\t\t\t\t\t<div class=\"elementor-image-box-wrapper\"><figure class=\"elementor-image-box-img\"><a href=\"https:\/\/lanouvelleacademieroutiere.fr\/index.php\/autres-forfaits\/\" tabindex=\"-1\"><img loading=\"lazy\" decoding=\"async\" width=\"2000\" height=\"2000\" src=\"https:\/\/lanouvelleacademieroutiere.fr\/wp-content\/uploads\/2026\/05\/Design-sans-titre-11.png\" class=\"elementor-animation-grow attachment-full size-full wp-image-65\" alt=\"\" srcset=\"https:\/\/lanouvelleacademieroutiere.fr\/wp-content\/uploads\/2026\/05\/Design-sans-titre-11.png 2000w, https:\/\/lanouvelleacademieroutiere.fr\/wp-content\/uploads\/2026\/05\/Design-sans-titre-11-300x300.png 300w, https:\/\/lanouvelleacademieroutiere.fr\/wp-content\/uploads\/2026\/05\/Design-sans-titre-11-1024x1024.png 1024w, https:\/\/lanouvelleacademieroutiere.fr\/wp-content\/uploads\/2026\/05\/Design-sans-titre-11-150x150.png 150w, https:\/\/lanouvelleacademieroutiere.fr\/wp-content\/uploads\/2026\/05\/Design-sans-titre-11-768x768.png 768w, https:\/\/lanouvelleacademieroutiere.fr\/wp-content\/uploads\/2026\/05\/Design-sans-titre-11-1536x1536.png 1536w\" sizes=\"(max-width: 2000px) 100vw, 2000px\" \/><\/a><\/figure><div class=\"elementor-image-box-content\"><h4 class=\"elementor-image-box-title\"><a href=\"https:\/\/lanouvelleacademieroutiere.fr\/index.php\/autres-forfaits\/\">Autres Forfaits<\/a><\/h4><p class=\"elementor-image-box-description\">D\u00e9couvrir nos offres<\/p><\/div><\/div>\t\t\t\t<\/div>\n\t\t\t\t<\/div>\n\t\t\t\t\t<\/div>\n\t\t\t\t<\/div>\n\t\t\t\t<\/div>\n\t\t","protected":false},"excerpt":{"rendered":"<p>La Nouvelle Acad\u00e9mie Routi\u00e8re La Nouvelle acad\u00e9mie routi\u00e8re, ensemble vers le chemin du permis La Nouvelle Acad\u00e9mie Routi\u00e8re vous propose diff\u00e9rents forfaits Permis Boite Automatique D\u00e9couvrir nos offres Permis Boite Manuelle D\u00e9couvrir nos offres Acc\u00e8s salle de code + internet D\u00e9couvrir nos offres Autres Forfaits D\u00e9couvrir nos offres<\/p>\n","protected":false},"author":1,"featured_media":41,"parent":0,"menu_order":0,"comment_status":"closed","ping_status":"closed","template":"elementor_header_footer","meta":{"footnotes":""},"class_list":["post-36","page","type-page","status-publish","has-post-thumbnail","hentry"],"yoast_head":"<!-- This site is optimized with the Yoast SEO plugin v27.6 - https:\/\/yoast.com\/product\/yoast-seo-wordpress\/ -->\n<title>Acceuil -<\/title>\n<meta name=\"robots\" content=\"index, follow, max-snippet:-1, max-image-preview:large, max-video-preview:-1\" \/>\n<link rel=\"canonical\" href=\"https:\/\/lanouvelleacademieroutiere.fr\/\" \/>\n<meta property=\"og:locale\" content=\"fr_FR\" \/>\n<meta property=\"og:type\" content=\"article\" \/>\n<meta property=\"og:title\" content=\"Acceuil -\" \/>\n<meta property=\"og:description\" content=\"La Nouvelle Acad\u00e9mie Routi\u00e8re La Nouvelle acad\u00e9mie routi\u00e8re, ensemble vers le chemin du permis La Nouvelle Acad\u00e9mie Routi\u00e8re vous propose diff\u00e9rents forfaits Permis Boite Automatique D\u00e9couvrir nos offres Permis Boite Manuelle D\u00e9couvrir nos offres Acc\u00e8s salle de code + internet D\u00e9couvrir nos offres Autres Forfaits D\u00e9couvrir nos offres\" \/>\n<meta property=\"og:url\" content=\"https:\/\/lanouvelleacademieroutiere.fr\/\" \/>\n<meta property=\"article:modified_time\" content=\"2026-05-14T04:49:42+00:00\" \/>\n<meta property=\"og:image\" content=\"https:\/\/lanouvelleacademieroutiere.fr\/wp-content\/uploads\/2026\/05\/Homepage-400_380.jpg\" \/>\n\t<meta property=\"og:image:width\" content=\"400\" \/>\n\t<meta property=\"og:image:height\" content=\"380\" \/>\n\t<meta property=\"og:image:type\" content=\"image\/jpeg\" \/>\n<meta name=\"twitter:card\" content=\"summary_large_image\" \/>\n<meta name=\"twitter:label1\" content=\"Dur\u00e9e de lecture estim\u00e9e\" \/>\n\t<meta name=\"twitter:data1\" content=\"1 minute\" \/>\n<script type=\"application\/ld+json\" class=\"yoast-schema-graph\">{\"@context\":\"https:\\\/\\\/schema.org\",\"@graph\":[{\"@type\":\"WebPage\",\"@id\":\"https:\\\/\\\/lanouvelleacademieroutiere.fr\\\/\",\"url\":\"https:\\\/\\\/lanouvelleacademieroutiere.fr\\\/\",\"name\":\"Acceuil -\",\"isPartOf\":{\"@id\":\"https:\\\/\\\/lanouvelleacademieroutiere.fr\\\/#website\"},\"primaryImageOfPage\":{\"@id\":\"https:\\\/\\\/lanouvelleacademieroutiere.fr\\\/#primaryimage\"},\"image\":{\"@id\":\"https:\\\/\\\/lanouvelleacademieroutiere.fr\\\/#primaryimage\"},\"thumbnailUrl\":\"https:\\\/\\\/lanouvelleacademieroutiere.fr\\\/wp-content\\\/uploads\\\/2026\\\/05\\\/Homepage-400_380.jpg\",\"datePublished\":\"2026-05-14T00:53:55+00:00\",\"dateModified\":\"2026-05-14T04:49:42+00:00\",\"breadcrumb\":{\"@id\":\"https:\\\/\\\/lanouvelleacademieroutiere.fr\\\/#breadcrumb\"},\"inLanguage\":\"fr-FR\",\"potentialAction\":[{\"@type\":\"ReadAction\",\"target\":[\"https:\\\/\\\/lanouvelleacademieroutiere.fr\\\/\"]}]},{\"@type\":\"ImageObject\",\"inLanguage\":\"fr-FR\",\"@id\":\"https:\\\/\\\/lanouvelleacademieroutiere.fr\\\/#primaryimage\",\"url\":\"https:\\\/\\\/lanouvelleacademieroutiere.fr\\\/wp-content\\\/uploads\\\/2026\\\/05\\\/Homepage-400_380.jpg\",\"contentUrl\":\"https:\\\/\\\/lanouvelleacademieroutiere.fr\\\/wp-content\\\/uploads\\\/2026\\\/05\\\/Homepage-400_380.jpg\",\"width\":400,\"height\":380},{\"@type\":\"BreadcrumbList\",\"@id\":\"https:\\\/\\\/lanouvelleacademieroutiere.fr\\\/#breadcrumb\",\"itemListElement\":[{\"@type\":\"ListItem\",\"position\":1,\"name\":\"Home\",\"item\":\"https:\\\/\\\/lanouvelleacademieroutiere.fr\\\/\"},{\"@type\":\"ListItem\",\"position\":2,\"name\":\"Acceuil\"}]},{\"@type\":\"WebSite\",\"@id\":\"https:\\\/\\\/lanouvelleacademieroutiere.fr\\\/#website\",\"url\":\"https:\\\/\\\/lanouvelleacademieroutiere.fr\\\/\",\"name\":\"\",\"description\":\"\",\"potentialAction\":[{\"@type\":\"SearchAction\",\"target\":{\"@type\":\"EntryPoint\",\"urlTemplate\":\"https:\\\/\\\/lanouvelleacademieroutiere.fr\\\/?s={search_term_string}\"},\"query-input\":{\"@type\":\"PropertyValueSpecification\",\"valueRequired\":true,\"valueName\":\"search_term_string\"}}],\"inLanguage\":\"fr-FR\"}]}<\/script>\n<!-- \/ Yoast SEO plugin. -->","yoast_head_json":{"title":"Acceuil -","robots":{"index":"index","follow":"follow","max-snippet":"max-snippet:-1","max-image-preview":"max-image-preview:large","max-video-preview":"max-video-preview:-1"},"canonical":"https:\/\/lanouvelleacademieroutiere.fr\/","og_locale":"fr_FR","og_type":"article","og_title":"Acceuil -","og_description":"La Nouvelle Acad\u00e9mie Routi\u00e8re La Nouvelle acad\u00e9mie routi\u00e8re, ensemble vers le chemin du permis La Nouvelle Acad\u00e9mie Routi\u00e8re vous propose diff\u00e9rents forfaits Permis Boite Automatique D\u00e9couvrir nos offres Permis Boite Manuelle D\u00e9couvrir nos offres Acc\u00e8s salle de code + internet D\u00e9couvrir nos offres Autres Forfaits D\u00e9couvrir nos offres","og_url":"https:\/\/lanouvelleacademieroutiere.fr\/","article_modified_time":"2026-05-14T04:49:42+00:00","og_image":[{"width":400,"height":380,"url":"https:\/\/lanouvelleacademieroutiere.fr\/wp-content\/uploads\/2026\/05\/Homepage-400_380.jpg","type":"image\/jpeg"}],"twitter_card":"summary_large_image","twitter_misc":{"Dur\u00e9e de lecture estim\u00e9e":"1 minute"},"schema":{"@context":"https:\/\/schema.org","@graph":[{"@type":"WebPage","@id":"https:\/\/lanouvelleacademieroutiere.fr\/","url":"https:\/\/lanouvelleacademieroutiere.fr\/","name":"Acceuil -","isPartOf":{"@id":"https:\/\/lanouvelleacademieroutiere.fr\/#website"},"primaryImageOfPage":{"@id":"https:\/\/lanouvelleacademieroutiere.fr\/#primaryimage"},"image":{"@id":"https:\/\/lanouvelleacademieroutiere.fr\/#primaryimage"},"thumbnailUrl":"https:\/\/lanouvelleacademieroutiere.fr\/wp-content\/uploads\/2026\/05\/Homepage-400_380.jpg","datePublished":"2026-05-14T00:53:55+00:00","dateModified":"2026-05-14T04:49:42+00:00","breadcrumb":{"@id":"https:\/\/lanouvelleacademieroutiere.fr\/#breadcrumb"},"inLanguage":"fr-FR","potentialAction":[{"@type":"ReadAction","target":["https:\/\/lanouvelleacademieroutiere.fr\/"]}]},{"@type":"ImageObject","inLanguage":"fr-FR","@id":"https:\/\/lanouvelleacademieroutiere.fr\/#primaryimage","url":"https:\/\/lanouvelleacademieroutiere.fr\/wp-content\/uploads\/2026\/05\/Homepage-400_380.jpg","contentUrl":"https:\/\/lanouvelleacademieroutiere.fr\/wp-content\/uploads\/2026\/05\/Homepage-400_380.jpg","width":400,"height":380},{"@type":"BreadcrumbList","@id":"https:\/\/lanouvelleacademieroutiere.fr\/#breadcrumb","itemListElement":[{"@type":"ListItem","position":1,"name":"Home","item":"https:\/\/lanouvelleacademieroutiere.fr\/"},{"@type":"ListItem","position":2,"name":"Acceuil"}]},{"@type":"WebSite","@id":"https:\/\/lanouvelleacademieroutiere.fr\/#website","url":"https:\/\/lanouvelleacademieroutiere.fr\/","name":"","description":"","potentialAction":[{"@type":"SearchAction","target":{"@type":"EntryPoint","urlTemplate":"https:\/\/lanouvelleacademieroutiere.fr\/?s={search_term_string}"},"query-input":{"@type":"PropertyValueSpecification","valueRequired":true,"valueName":"search_term_string"}}],"inLanguage":"fr-FR"}]}},"_links":{"self":[{"href":"https:\/\/lanouvelleacademieroutiere.fr\/index.php\/wp-json\/wp\/v2\/pages\/36","targetHints":{"allow":["GET"]}}],"collection":[{"href":"https:\/\/lanouvelleacademieroutiere.fr\/index.php\/wp-json\/wp\/v2\/pages"}],"about":[{"href":"https:\/\/lanouvelleacademieroutiere.fr\/index.php\/wp-json\/wp\/v2\/types\/page"}],"author":[{"embeddable":true,"href":"https:\/\/lanouvelleacademieroutiere.fr\/index.php\/wp-json\/wp\/v2\/users\/1"}],"replies":[{"embeddable":true,"href":"https:\/\/lanouvelleacademieroutiere.fr\/index.php\/wp-json\/wp\/v2\/comments?post=36"}],"version-history":[{"count":32,"href":"https:\/\/lanouvelleacademieroutiere.fr\/index.php\/wp-json\/wp\/v2\/pages\/36\/revisions"}],"predecessor-version":[{"id":194,"href":"https:\/\/lanouvelleacademieroutiere.fr\/index.php\/wp-json\/wp\/v2\/pages\/36\/revisions\/194"}],"wp:featuredmedia":[{"embeddable":true,"href":"https:\/\/lanouvelleacademieroutiere.fr\/index.php\/wp-json\/wp\/v2\/media\/41"}],"wp:attachment":[{"href":"https:\/\/lanouvelleacademieroutiere.fr\/index.php\/wp-json\/wp\/v2\/media?parent=36"}],"curies":[{"name":"wp","href":"https:\/\/api.w.org\/{rel}","templated":true}]}}