{"id":117,"date":"2026-05-14T05:24:41","date_gmt":"2026-05-14T03:24:41","guid":{"rendered":"https:\/\/lanouvelleacademieroutiere.fr\/?page_id=117"},"modified":"2026-05-14T06:59:06","modified_gmt":"2026-05-14T04:59:06","slug":"elementor-page-117","status":"publish","type":"page","link":"https:\/\/lanouvelleacademieroutiere.fr\/index.php\/elementor-page-117\/","title":{"rendered":"Forfait code"},"content":{"rendered":"\t\t<div data-elementor-type=\"wp-page\" data-elementor-id=\"117\" class=\"elementor elementor-117\">\n\t\t\t\t<div class=\"elementor-element elementor-element-4a9e87ba e-flex e-con-boxed e-con e-parent\" data-id=\"4a9e87ba\" data-element_type=\"container\" data-e-type=\"container\">\n\t\t\t\t\t<div class=\"e-con-inner\">\n\t\t<div class=\"elementor-element elementor-element-143f5cab e-con-full e-flex e-con e-child\" data-id=\"143f5cab\" data-element_type=\"container\" data-e-type=\"container\">\n\t\t\t\t<div class=\"elementor-element elementor-element-2008f0d6 elementor-invisible elementor-widget elementor-widget-heading\" data-id=\"2008f0d6\" data-element_type=\"widget\" data-e-type=\"widget\" data-settings=\"{&quot;_animation&quot;:&quot;fadeIn&quot;}\" data-widget_type=\"heading.default\">\n\t\t\t\t\t<h1 class=\"elementor-heading-title elementor-size-default\">Forfait Code<\/h1>\t\t\t\t<\/div>\n\t\t<div class=\"elementor-element elementor-element-244f268 e-con-full e-flex e-con e-child\" data-id=\"244f268\" data-element_type=\"container\" data-e-type=\"container\">\n\t\t<div class=\"elementor-element elementor-element-4c98d788 e-con-full e-flex e-con e-child\" data-id=\"4c98d788\" data-element_type=\"container\" data-e-type=\"container\" data-settings=\"{&quot;background_background&quot;:&quot;classic&quot;}\">\n\t\t\t\t<\/div>\n\t\t\t\t<\/div>\n\t\t\t\t<\/div>\n\t\t\t\t<div class=\"elementor-element elementor-element-292356a4 e-con e-atomic-element e-div-block-base\" data-id=\"292356a4\" data-element_type=\"e-div-block\" data-e-type=\"e-div-block\" data-interaction-id=\"292356a4\">\n\t\t\t\t\t\t\t<h1 \n\t\tdata-interaction-id=\"3d56cab5\" \n\t\tclass=\"e-3d56cab5-d2d56c9 e-heading-base\" \n\t\t \n\t\t\n\t>\n\t\n\t\t\t<strong>Forfait Code 6 Mois<\/strong>\n\t\t<\/h1>\n\t\t\t\t<\/div>\n\t\t<div class=\"elementor-element elementor-element-6136c833 e-flex e-con-boxed e-con e-child\" data-id=\"6136c833\" data-element_type=\"container\" data-e-type=\"container\">\n\t\t\t\t\t<div class=\"e-con-inner\">\n\t\t<div class=\"elementor-element elementor-element-4175c407 e-con-full e-flex e-con e-child\" data-id=\"4175c407\" data-element_type=\"container\" data-e-type=\"container\">\n\t\t<div class=\"elementor-element elementor-element-51461930 e-con-full e-flex e-con e-child\" data-id=\"51461930\" data-element_type=\"container\" data-e-type=\"container\">\n\t\t\t\t<div class=\"elementor-element elementor-element-43c2148e elementor-widget elementor-widget-heading\" data-id=\"43c2148e\" data-element_type=\"widget\" data-e-type=\"widget\" data-widget_type=\"heading.default\">\n\t\t\t\t\t<h2 class=\"elementor-heading-title elementor-size-default\">- \u20ac<\/h2>\t\t\t\t<\/div>\n\t\t\t\t<div class=\"elementor-element elementor-element-3087fdcd elementor-widget-divider--view-line elementor-widget elementor-widget-divider\" data-id=\"3087fdcd\" data-element_type=\"widget\" data-e-type=\"widget\" data-widget_type=\"divider.default\">\n\t\t\t\t\t\t\t<div class=\"elementor-divider\">\n\t\t\t<span class=\"elementor-divider-separator\">\n\t\t\t\t\t\t<\/span>\n\t\t<\/div>\n\t\t\t\t\t\t<\/div>\n\t\t\t\t<div class=\"elementor-element elementor-element-636e54b3 elementor-widget elementor-widget-text-editor\" data-id=\"636e54b3\" data-element_type=\"widget\" data-e-type=\"widget\" data-widget_type=\"text-editor.default\">\n\t\t\t\t\t\t\t\t\t<p><strong>Le forfait comprend :<\/strong><\/p><h3 class=\"elementor-heading-title elementor-size-default\">Gestion administrative<br \/>E-Photo<br \/>Code en ligne<br \/>Acc\u00e8s \u00e0 la Salle de Code<br \/>Livre de Code<\/h3>\t\t\t\t\t\t\t\t<\/div>\n\t\t\t\t<\/div>\n\t\t\t\t<\/div>\n\t\t\t\t\t<\/div>\n\t\t\t\t<\/div>\n\t\t\t\t<div class=\"elementor-element elementor-element-2ed6ef4c e-con e-atomic-element e-div-block-base\" data-id=\"2ed6ef4c\" data-element_type=\"e-div-block\" data-e-type=\"e-div-block\" data-interaction-id=\"2ed6ef4c\">\n\t\t\t\t\t\t\t<h1 \n\t\tdata-interaction-id=\"9ff214c\" \n\t\tclass=\"e-9ff214c-dde7448 e-heading-base\" \n\t\t \n\t\t\n\t>\n\t\n\t\t\t<strong id=\"e-mp50q3d7-kwgux0t\">Acc\u00e8s code 3 mois<\/strong>\n\t\t<\/h1>\n\t\t\t\t<\/div>\n\t\t<div class=\"elementor-element elementor-element-08852f3 e-con-full e-flex e-con e-child\" data-id=\"08852f3\" data-element_type=\"container\" data-e-type=\"container\">\n\t\t<div class=\"elementor-element elementor-element-2afbeab e-con-full e-flex e-con e-child\" data-id=\"2afbeab\" data-element_type=\"container\" data-e-type=\"container\">\n\t\t<div class=\"elementor-element elementor-element-d0c57d5 e-con-full e-flex e-con e-child\" data-id=\"d0c57d5\" data-element_type=\"container\" data-e-type=\"container\">\n\t\t\t\t<div class=\"elementor-element elementor-element-485ee33 elementor-widget elementor-widget-heading\" data-id=\"485ee33\" data-element_type=\"widget\" data-e-type=\"widget\" data-widget_type=\"heading.default\">\n\t\t\t\t\t<h2 class=\"elementor-heading-title elementor-size-default\">- \u20ac<\/h2>\t\t\t\t<\/div>\n\t\t\t\t<div class=\"elementor-element elementor-element-20667d8 elementor-widget-divider--view-line elementor-widget elementor-widget-divider\" data-id=\"20667d8\" data-element_type=\"widget\" data-e-type=\"widget\" data-widget_type=\"divider.default\">\n\t\t\t\t\t\t\t<div class=\"elementor-divider\">\n\t\t\t<span class=\"elementor-divider-separator\">\n\t\t\t\t\t\t<\/span>\n\t\t<\/div>\n\t\t\t\t\t\t<\/div>\n\t\t\t\t<div class=\"elementor-element elementor-element-5b8d84f elementor-widget elementor-widget-text-editor\" data-id=\"5b8d84f\" data-element_type=\"widget\" data-e-type=\"widget\" data-widget_type=\"text-editor.default\">\n\t\t\t\t\t\t\t\t\t<p><strong>Le forfait comprend :<\/strong><\/p><h2 class=\"elementor-heading-title elementor-size-default\">Acc\u00e8s code internet seul 3 Mois<\/h2>\t\t\t\t\t\t\t\t<\/div>\n\t\t\t\t<\/div>\n\t\t\t\t<\/div>\n\t\t\t\t<\/div>\n\t\t\t\t\t<\/div>\n\t\t\t\t<\/div>\n\t\t\t\t<\/div>\n\t\t","protected":false},"excerpt":{"rendered":"<p>Forfait Code Forfait Code 6 Mois &#8211; \u20ac Le forfait comprend : Gestion administrativeE-PhotoCode en ligneAcc\u00e8s \u00e0 la Salle de CodeLivre de Code Acc\u00e8s code 3 mois &#8211; \u20ac Le forfait comprend : Acc\u00e8s code internet seul 3 Mois<\/p>\n","protected":false},"author":1,"featured_media":0,"parent":0,"menu_order":0,"comment_status":"closed","ping_status":"closed","template":"","meta":{"footnotes":""},"class_list":["post-117","page","type-page","status-publish","hentry"],"yoast_head":"<!-- This site is optimized with the Yoast SEO plugin v27.6 - https:\/\/yoast.com\/product\/yoast-seo-wordpress\/ -->\n<title>Forfait code -<\/title>\n<meta name=\"robots\" content=\"index, follow, max-snippet:-1, max-image-preview:large, max-video-preview:-1\" \/>\n<link rel=\"canonical\" href=\"https:\/\/lanouvelleacademieroutiere.fr\/index.php\/elementor-page-117\/\" \/>\n<meta property=\"og:locale\" content=\"fr_FR\" \/>\n<meta property=\"og:type\" content=\"article\" \/>\n<meta property=\"og:title\" content=\"Forfait code -\" \/>\n<meta property=\"og:description\" content=\"Forfait Code Forfait Code 6 Mois &#8211; \u20ac Le forfait comprend : Gestion administrativeE-PhotoCode en ligneAcc\u00e8s \u00e0 la Salle de CodeLivre de Code Acc\u00e8s code 3 mois &#8211; \u20ac Le forfait comprend : Acc\u00e8s code internet seul 3 Mois\" \/>\n<meta property=\"og:url\" content=\"https:\/\/lanouvelleacademieroutiere.fr\/index.php\/elementor-page-117\/\" \/>\n<meta property=\"article:modified_time\" content=\"2026-05-14T04:59:06+00:00\" \/>\n<meta name=\"twitter:card\" content=\"summary_large_image\" \/>\n<meta name=\"twitter:label1\" content=\"Dur\u00e9e de lecture estim\u00e9e\" \/>\n\t<meta name=\"twitter:data1\" content=\"1 minute\" \/>\n<script type=\"application\/ld+json\" class=\"yoast-schema-graph\">{\"@context\":\"https:\\\/\\\/schema.org\",\"@graph\":[{\"@type\":\"WebPage\",\"@id\":\"https:\\\/\\\/lanouvelleacademieroutiere.fr\\\/index.php\\\/elementor-page-117\\\/\",\"url\":\"https:\\\/\\\/lanouvelleacademieroutiere.fr\\\/index.php\\\/elementor-page-117\\\/\",\"name\":\"Forfait code -\",\"isPartOf\":{\"@id\":\"https:\\\/\\\/lanouvelleacademieroutiere.fr\\\/#website\"},\"datePublished\":\"2026-05-14T03:24:41+00:00\",\"dateModified\":\"2026-05-14T04:59:06+00:00\",\"breadcrumb\":{\"@id\":\"https:\\\/\\\/lanouvelleacademieroutiere.fr\\\/index.php\\\/elementor-page-117\\\/#breadcrumb\"},\"inLanguage\":\"fr-FR\",\"potentialAction\":[{\"@type\":\"ReadAction\",\"target\":[\"https:\\\/\\\/lanouvelleacademieroutiere.fr\\\/index.php\\\/elementor-page-117\\\/\"]}]},{\"@type\":\"BreadcrumbList\",\"@id\":\"https:\\\/\\\/lanouvelleacademieroutiere.fr\\\/index.php\\\/elementor-page-117\\\/#breadcrumb\",\"itemListElement\":[{\"@type\":\"ListItem\",\"position\":1,\"name\":\"Home\",\"item\":\"https:\\\/\\\/lanouvelleacademieroutiere.fr\\\/\"},{\"@type\":\"ListItem\",\"position\":2,\"name\":\"Forfait code\"}]},{\"@type\":\"WebSite\",\"@id\":\"https:\\\/\\\/lanouvelleacademieroutiere.fr\\\/#website\",\"url\":\"https:\\\/\\\/lanouvelleacademieroutiere.fr\\\/\",\"name\":\"\",\"description\":\"\",\"potentialAction\":[{\"@type\":\"SearchAction\",\"target\":{\"@type\":\"EntryPoint\",\"urlTemplate\":\"https:\\\/\\\/lanouvelleacademieroutiere.fr\\\/?s={search_term_string}\"},\"query-input\":{\"@type\":\"PropertyValueSpecification\",\"valueRequired\":true,\"valueName\":\"search_term_string\"}}],\"inLanguage\":\"fr-FR\"}]}<\/script>\n<!-- \/ Yoast SEO plugin. -->","yoast_head_json":{"title":"Forfait code -","robots":{"index":"index","follow":"follow","max-snippet":"max-snippet:-1","max-image-preview":"max-image-preview:large","max-video-preview":"max-video-preview:-1"},"canonical":"https:\/\/lanouvelleacademieroutiere.fr\/index.php\/elementor-page-117\/","og_locale":"fr_FR","og_type":"article","og_title":"Forfait code -","og_description":"Forfait Code Forfait Code 6 Mois &#8211; \u20ac Le forfait comprend : Gestion administrativeE-PhotoCode en ligneAcc\u00e8s \u00e0 la Salle de CodeLivre de Code Acc\u00e8s code 3 mois &#8211; \u20ac Le forfait comprend : Acc\u00e8s code internet seul 3 Mois","og_url":"https:\/\/lanouvelleacademieroutiere.fr\/index.php\/elementor-page-117\/","article_modified_time":"2026-05-14T04:59:06+00:00","twitter_card":"summary_large_image","twitter_misc":{"Dur\u00e9e de lecture estim\u00e9e":"1 minute"},"schema":{"@context":"https:\/\/schema.org","@graph":[{"@type":"WebPage","@id":"https:\/\/lanouvelleacademieroutiere.fr\/index.php\/elementor-page-117\/","url":"https:\/\/lanouvelleacademieroutiere.fr\/index.php\/elementor-page-117\/","name":"Forfait code -","isPartOf":{"@id":"https:\/\/lanouvelleacademieroutiere.fr\/#website"},"datePublished":"2026-05-14T03:24:41+00:00","dateModified":"2026-05-14T04:59:06+00:00","breadcrumb":{"@id":"https:\/\/lanouvelleacademieroutiere.fr\/index.php\/elementor-page-117\/#breadcrumb"},"inLanguage":"fr-FR","potentialAction":[{"@type":"ReadAction","target":["https:\/\/lanouvelleacademieroutiere.fr\/index.php\/elementor-page-117\/"]}]},{"@type":"BreadcrumbList","@id":"https:\/\/lanouvelleacademieroutiere.fr\/index.php\/elementor-page-117\/#breadcrumb","itemListElement":[{"@type":"ListItem","position":1,"name":"Home","item":"https:\/\/lanouvelleacademieroutiere.fr\/"},{"@type":"ListItem","position":2,"name":"Forfait code"}]},{"@type":"WebSite","@id":"https:\/\/lanouvelleacademieroutiere.fr\/#website","url":"https:\/\/lanouvelleacademieroutiere.fr\/","name":"","description":"","potentialAction":[{"@type":"SearchAction","target":{"@type":"EntryPoint","urlTemplate":"https:\/\/lanouvelleacademieroutiere.fr\/?s={search_term_string}"},"query-input":{"@type":"PropertyValueSpecification","valueRequired":true,"valueName":"search_term_string"}}],"inLanguage":"fr-FR"}]}},"_links":{"self":[{"href":"https:\/\/lanouvelleacademieroutiere.fr\/index.php\/wp-json\/wp\/v2\/pages\/117","targetHints":{"allow":["GET"]}}],"collection":[{"href":"https:\/\/lanouvelleacademieroutiere.fr\/index.php\/wp-json\/wp\/v2\/pages"}],"about":[{"href":"https:\/\/lanouvelleacademieroutiere.fr\/index.php\/wp-json\/wp\/v2\/types\/page"}],"author":[{"embeddable":true,"href":"https:\/\/lanouvelleacademieroutiere.fr\/index.php\/wp-json\/wp\/v2\/users\/1"}],"replies":[{"embeddable":true,"href":"https:\/\/lanouvelleacademieroutiere.fr\/index.php\/wp-json\/wp\/v2\/comments?post=117"}],"version-history":[{"count":19,"href":"https:\/\/lanouvelleacademieroutiere.fr\/index.php\/wp-json\/wp\/v2\/pages\/117\/revisions"}],"predecessor-version":[{"id":201,"href":"https:\/\/lanouvelleacademieroutiere.fr\/index.php\/wp-json\/wp\/v2\/pages\/117\/revisions\/201"}],"wp:attachment":[{"href":"https:\/\/lanouvelleacademieroutiere.fr\/index.php\/wp-json\/wp\/v2\/media?parent=117"}],"curies":[{"name":"wp","href":"https:\/\/api.w.org\/{rel}","templated":true}]}}